{"id":708,"date":"2022-06-23T19:34:34","date_gmt":"2022-06-23T19:34:34","guid":{"rendered":"https:\/\/yegtrackandfield.smwsites.com\/mercancia\/"},"modified":"2023-04-06T19:52:39","modified_gmt":"2023-04-06T19:52:39","slug":"mercancia","status":"publish","type":"page","link":"https:\/\/yegtrackandfield.com\/es\/mercancia\/","title":{"rendered":"Mercanc\u00eda"},"content":{"rendered":"<div class=\"wpb-content-wrapper\"><p>[vc_row css_animation=\u00bb\u00bb row_type=\u00bbrow\u00bb use_row_as_full_screen_section=\u00bbno\u00bb type=\u00bbfull_width\u00bb angled_section=\u00bbno\u00bb text_align=\u00bbleft\u00bb background_image_as_pattern=\u00bbwithout_pattern\u00bb][vc_column][vc_empty_space][vc_empty_space][vc_column_text]<\/p>\n<h3>Mercanc\u00eda<\/h3>\n<p>Nos complace poner a la venta la siguiente mercanc\u00eda en el Edmonton Athletics Invitational del 2 de julio.<\/p>\n<p>Efectivo o tarjeta de cr\u00e9dito.<\/p>\n<p>Tome el <strong>transporte p\u00fablico<\/strong> hasta Foote Field y cuando nos muestre el tal\u00f3n de su pase\/billete de transporte, recibir\u00e1 un 5% de descuento en sus compras de productos para el evento.[\/vc_column_text][vc_empty_space][\/vc_column][\/vc_row][vc_row css_animation=\u00bb\u00bb row_type=\u00bbrow\u00bb use_row_as_full_screen_section=\u00bbno\u00bb type=\u00bbfull_width\u00bb angled_section=\u00bbno\u00bb text_align=\u00bbleft\u00bb background_image_as_pattern=\u00bbwithout_pattern\u00bb][vc_column width=\u00bb1\/2&#8243;][vc_single_image image=\u00bb698&#8243; img_size=\u00bblarge\u00bb alignment=\u00bbcenter\u00bb qode_css_animation=\u00bb\u00bb][\/vc_column][vc_column width=\u00bb1\/2&#8243;][vc_single_image image=\u00bb696&#8243; img_size=\u00bbfull\u00bb qode_css_animation=\u00bb\u00bb][\/vc_column][\/vc_row][vc_row css_animation=\u00bb\u00bb row_type=\u00bbrow\u00bb use_row_as_full_screen_section=\u00bbno\u00bb type=\u00bbfull_width\u00bb angled_section=\u00bbno\u00bb text_align=\u00bbleft\u00bb background_image_as_pattern=\u00bbwithout_pattern\u00bb][vc_column width=\u00bb1\/2&#8243;][vc_single_image image=\u00bb706&#8243; img_size=\u00bblarge\u00bb alignment=\u00bbcenter\u00bb qode_css_animation=\u00bb\u00bb][\/vc_column][vc_column width=\u00bb1\/2&#8243;][\/vc_column][\/vc_row]<\/p>\n<\/div>","protected":false},"excerpt":{"rendered":"<p>[vc_row css_animation=\u00bb\u00bb row_type=\u00bbrow\u00bb use_row_as_full_screen_section=\u00bbno\u00bb type=\u00bbfull_width\u00bb angled_section=\u00bbno\u00bb text_align=\u00bbleft\u00bb background_image_as_pattern=\u00bbwithout_pattern\u00bb][vc_column][vc_empty_space][vc_empty_space][vc_column_text] Mercanc\u00eda Nos complace poner a la venta la siguiente mercanc\u00eda en el Edmonton Athletics Invitational del 2 de julio. Efectivo o tarjeta de cr\u00e9dito. Tome el transporte p\u00fablico hasta Foote Field y cuando nos muestre el tal\u00f3n&#8230;<\/p>\n","protected":false},"author":1,"featured_media":0,"parent":0,"menu_order":0,"comment_status":"closed","ping_status":"closed","template":"","meta":{"_monsterinsights_skip_tracking":false,"_monsterinsights_sitenote_active":false,"_monsterinsights_sitenote_note":"","_monsterinsights_sitenote_category":0,"footnotes":""},"class_list":["post-708","page","type-page","status-publish","hentry"],"_links":{"self":[{"href":"https:\/\/yegtrackandfield.com\/es\/wp-json\/wp\/v2\/pages\/708","targetHints":{"allow":["GET"]}}],"collection":[{"href":"https:\/\/yegtrackandfield.com\/es\/wp-json\/wp\/v2\/pages"}],"about":[{"href":"https:\/\/yegtrackandfield.com\/es\/wp-json\/wp\/v2\/types\/page"}],"author":[{"embeddable":true,"href":"https:\/\/yegtrackandfield.com\/es\/wp-json\/wp\/v2\/users\/1"}],"replies":[{"embeddable":true,"href":"https:\/\/yegtrackandfield.com\/es\/wp-json\/wp\/v2\/comments?post=708"}],"version-history":[{"count":6,"href":"https:\/\/yegtrackandfield.com\/es\/wp-json\/wp\/v2\/pages\/708\/revisions"}],"predecessor-version":[{"id":906,"href":"https:\/\/yegtrackandfield.com\/es\/wp-json\/wp\/v2\/pages\/708\/revisions\/906"}],"wp:attachment":[{"href":"https:\/\/yegtrackandfield.com\/es\/wp-json\/wp\/v2\/media?parent=708"}],"curies":[{"name":"wp","href":"https:\/\/api.w.org\/{rel}","templated":true}]}}