{"id":709,"date":"2022-06-23T19:34:34","date_gmt":"2022-06-23T19:34:34","guid":{"rendered":"https:\/\/yegtrackandfield.smwsites.com\/marchandise\/"},"modified":"2023-04-06T19:52:39","modified_gmt":"2023-04-06T19:52:39","slug":"marchandise","status":"publish","type":"page","link":"https:\/\/yegtrackandfield.com\/fr\/marchandise\/","title":{"rendered":"Marchandise"},"content":{"rendered":"<div class=\"wpb-content-wrapper\"><p>[vc_row css_animation=\u00a0\u00bb\u00a0\u00bb row_type=\u00a0\u00bbrow\u00a0\u00bb use_row_as_full_screen_section=\u00a0\u00bbno\u00a0\u00bb type=\u00a0\u00bbfull_width\u00a0\u00bb angled_section=\u00a0\u00bbno\u00a0\u00bb text_align=\u00a0\u00bbleft\u00a0\u00bb background_image_as_pattern=\u00a0\u00bbwithout_pattern\u00a0\u00bb][vc_column][vc_empty_space][vc_empty_space][vc_column_text]<\/p>\n<h3>Marchandise<\/h3>\n<p>Nous sommes heureux d&rsquo;offrir la marchandise suivante pour la vente au Edmonton Athletics Invitational le 2 juillet.<\/p>\n<p>Paiement en esp\u00e8ces ou par carte de cr\u00e9dit.<\/p>\n<p>Prenez les <strong>transports en commun<\/strong> pour vous rendre au Foote Field et, sur pr\u00e9sentation de votre carte de transport ou de votre talon de billet, vous b\u00e9n\u00e9ficierez d&rsquo;une r\u00e9duction de 5 % sur vos achats de marchandises pour l&rsquo;\u00e9v\u00e9nement.[\/vc_column_text][vc_empty_space][\/vc_column][\/vc_row][vc_row css_animation=\u00a0\u00bb\u00a0\u00bb row_type=\u00a0\u00bbrow\u00a0\u00bb use_row_as_full_screen_section=\u00a0\u00bbno\u00a0\u00bb type=\u00a0\u00bbfull_width\u00a0\u00bb angled_section=\u00a0\u00bbno\u00a0\u00bb text_align=\u00a0\u00bbleft\u00a0\u00bb background_image_as_pattern=\u00a0\u00bbwithout_pattern\u00a0\u00bb][vc_column width=\u00a0\u00bb1\/2&Prime;][vc_single_image image=\u00a0\u00bb697&Prime; img_size=\u00a0\u00bblarge\u00a0\u00bb alignment=\u00a0\u00bbcenter\u00a0\u00bb qode_css_animation=\u00a0\u00bb\u00a0\u00bb][\/vc_column][vc_column width=\u00a0\u00bb1\/2&Prime;][vc_single_image image=\u00a0\u00bb695&Prime; img_size=\u00a0\u00bbfull\u00a0\u00bb qode_css_animation=\u00a0\u00bb\u00a0\u00bb][\/vc_column][\/vc_row][vc_row css_animation=\u00a0\u00bb\u00a0\u00bb row_type=\u00a0\u00bbrow\u00a0\u00bb use_row_as_full_screen_section=\u00a0\u00bbno\u00a0\u00bb type=\u00a0\u00bbfull_width\u00a0\u00bb angled_section=\u00a0\u00bbno\u00a0\u00bb text_align=\u00a0\u00bbleft\u00a0\u00bb background_image_as_pattern=\u00a0\u00bbwithout_pattern\u00a0\u00bb][vc_column width=\u00a0\u00bb1\/2&Prime;][vc_single_image image=\u00a0\u00bb705&Prime; img_size=\u00a0\u00bblarge\u00a0\u00bb alignment=\u00a0\u00bbcenter\u00a0\u00bb qode_css_animation=\u00a0\u00bb\u00a0\u00bb][\/vc_column][vc_column width=\u00a0\u00bb1\/2&Prime;][\/vc_column][\/vc_row]<\/p>\n<\/div>","protected":false},"excerpt":{"rendered":"<p>[vc_row css_animation=\u00a0\u00bb\u00a0\u00bb row_type=\u00a0\u00bbrow\u00a0\u00bb use_row_as_full_screen_section=\u00a0\u00bbno\u00a0\u00bb type=\u00a0\u00bbfull_width\u00a0\u00bb angled_section=\u00a0\u00bbno\u00a0\u00bb text_align=\u00a0\u00bbleft\u00a0\u00bb background_image_as_pattern=\u00a0\u00bbwithout_pattern\u00a0\u00bb][vc_column][vc_empty_space][vc_empty_space][vc_column_text] Marchandise Nous sommes heureux d&rsquo;offrir la marchandise suivante pour la vente au Edmonton Athletics Invitational le 2 juillet. Paiement en esp\u00e8ces ou par carte de cr\u00e9dit. Prenez les transports en commun pour vous rendre au Foote Field&#8230;<\/p>\n","protected":false},"author":1,"featured_media":0,"parent":0,"menu_order":0,"comment_status":"closed","ping_status":"closed","template":"","meta":{"_monsterinsights_skip_tracking":false,"_monsterinsights_sitenote_active":false,"_monsterinsights_sitenote_note":"","_monsterinsights_sitenote_category":0,"footnotes":""},"class_list":["post-709","page","type-page","status-publish","hentry"],"_links":{"self":[{"href":"https:\/\/yegtrackandfield.com\/fr\/wp-json\/wp\/v2\/pages\/709","targetHints":{"allow":["GET"]}}],"collection":[{"href":"https:\/\/yegtrackandfield.com\/fr\/wp-json\/wp\/v2\/pages"}],"about":[{"href":"https:\/\/yegtrackandfield.com\/fr\/wp-json\/wp\/v2\/types\/page"}],"author":[{"embeddable":true,"href":"https:\/\/yegtrackandfield.com\/fr\/wp-json\/wp\/v2\/users\/1"}],"replies":[{"embeddable":true,"href":"https:\/\/yegtrackandfield.com\/fr\/wp-json\/wp\/v2\/comments?post=709"}],"version-history":[{"count":6,"href":"https:\/\/yegtrackandfield.com\/fr\/wp-json\/wp\/v2\/pages\/709\/revisions"}],"predecessor-version":[{"id":905,"href":"https:\/\/yegtrackandfield.com\/fr\/wp-json\/wp\/v2\/pages\/709\/revisions\/905"}],"wp:attachment":[{"href":"https:\/\/yegtrackandfield.com\/fr\/wp-json\/wp\/v2\/media?parent=709"}],"curies":[{"name":"wp","href":"https:\/\/api.w.org\/{rel}","templated":true}]}}