{"id":711,"date":"2022-06-22T20:09:32","date_gmt":"2022-06-22T20:09:32","guid":{"rendered":"https:\/\/yegtrackandfield.smwsites.com\/programme\/"},"modified":"2022-11-08T22:58:19","modified_gmt":"2022-11-08T22:58:19","slug":"programme","status":"publish","type":"page","link":"https:\/\/yegtrackandfield.com\/fr\/programme\/","title":{"rendered":"Programme"},"content":{"rendered":"<div class=\"wpb-content-wrapper\"><p>[vc_row css_animation=\u00a0\u00bb\u00a0\u00bb row_type=\u00a0\u00bbrow\u00a0\u00bb use_row_as_full_screen_section=\u00a0\u00bbno\u00a0\u00bb type=\u00a0\u00bbfull_width\u00a0\u00bb angled_section=\u00a0\u00bbno\u00a0\u00bb text_align=\u00a0\u00bbcenter\u00a0\u00bb background_image_as_pattern=\u00a0\u00bbwithout_pattern\u00a0\u00bb z_index=\u00a0\u00bb\u00a0\u00bb css=\u00a0\u00bb.vc_custom_1655933790293{background-color: #ffffff !important;}\u00a0\u00bb][vc_column][vc_row_inner row_type=\u00a0\u00bbrow\u00a0\u00bb type=\u00a0\u00bbgrid\u00a0\u00bb text_align=\u00a0\u00bbcenter\u00a0\u00bb css_animation=\u00a0\u00bb\u00a0\u00bb][vc_column_inner width=\u00a0\u00bb1\/4&Prime;][\/vc_column_inner][vc_column_inner width=\u00a0\u00bb1\/2&Prime;][vc_empty_space height=\u00a0\u00bb75px\u00a0\u00bb][vc_column_text]<\/p>\n<div class=\"aligncenter\">\n<table class=\" aligncenter\" style=\"margin-left: auto; margin-right: auto;\">\n<tbody>\n<tr>\n<th style=\"text-align: left;\">HEURE<\/th>\n<th style=\"text-align: left;\">\u00c9V\u00c9NEMENT PISTE<\/th>\n<th style=\"text-align: left;\">Temps<\/th>\n<th style=\"text-align: left;\">\u00c9V\u00c9NEMENT SUR LE TERRAIN<\/th>\n<\/tr>\n<tr>\n<td style=\"text-align: left;\"><\/td>\n<td style=\"text-align: left;\">C\u00e9r\u00e9monie d&rsquo;ouverture<\/td>\n<td style=\"text-align: left;\"><\/td>\n<td style=\"text-align: left;\"><\/td>\n<\/tr>\n<tr>\n<td style=\"text-align: left;\"><\/td>\n<td style=\"text-align: left;\"><\/td>\n<td style=\"text-align: left;\">13h30<\/td>\n<td style=\"text-align: left;\">Saut \u00e0 la perche femmes<\/td>\n<\/tr>\n<tr>\n<td style=\"text-align: left;\"><\/td>\n<td style=\"text-align: left;\"><\/td>\n<td style=\"text-align: left;\">13 h 40<\/td>\n<td style=\"text-align: left;\">Disque Femmes<\/td>\n<\/tr>\n<tr>\n<td style=\"text-align: left;\">14h30<\/td>\n<td style=\"text-align: left;\">110m haies Hommes<\/td>\n<td style=\"text-align: left;\"><\/td>\n<td style=\"text-align: left;\"><\/td>\n<\/tr>\n<tr>\n<td style=\"text-align: left;\">14 h 50<\/td>\n<td style=\"text-align: left;\">110m haies femmes<\/td>\n<td style=\"text-align: left;\">14 h 50<\/td>\n<td style=\"text-align: left;\">Hommes du lancer du marteau<\/td>\n<\/tr>\n<tr>\n<td style=\"text-align: left;\">15 h 05<\/td>\n<td style=\"text-align: left;\">400m Hommes<\/td>\n<td style=\"text-align: left;\"><\/td>\n<td style=\"text-align: left;\"><\/td>\n<\/tr>\n<tr>\n<td style=\"text-align: left;\">15 h 20<\/td>\n<td style=\"text-align: left;\">400m Femmes<\/td>\n<td style=\"text-align: left;\">15 h 20<\/td>\n<td style=\"text-align: left;\">Saut en longueur Hommes<\/td>\n<\/tr>\n<tr>\n<td style=\"text-align: left;\">15 h 40<\/td>\n<td style=\"text-align: left;\">800m Hommes<\/td>\n<td style=\"text-align: left;\"><\/td>\n<td style=\"text-align: left;\"><\/td>\n<\/tr>\n<tr>\n<td style=\"text-align: left;\">15 h 55<\/td>\n<td style=\"text-align: left;\">800m Femmes<\/td>\n<td style=\"text-align: left;\">16h00<\/td>\n<td style=\"text-align: left;\">Lancer du javelot Femmes<\/td>\n<\/tr>\n<tr>\n<td style=\"text-align: left;\">16 h 15<\/td>\n<td style=\"text-align: left;\">100m Hommes B<\/td>\n<td style=\"text-align: left;\">16 h 10<\/td>\n<td style=\"text-align: left;\">Lancer du poids Femmes<\/td>\n<\/tr>\n<tr>\n<td style=\"text-align: left;\">16h30<\/td>\n<td style=\"text-align: left;\">100 m femmes<\/td>\n<td style=\"text-align: left;\"><\/td>\n<td style=\"text-align: left;\"><\/td>\n<\/tr>\n<tr>\n<td style=\"text-align: left;\">16 h 45<\/td>\n<td style=\"text-align: left;\">100m Hommes<\/td>\n<td style=\"text-align: left;\"><\/td>\n<td style=\"text-align: left;\"><\/td>\n<\/tr>\n<tr>\n<td style=\"text-align: left;\">5:00pm<\/td>\n<td style=\"text-align: left;\">Fin<\/td>\n<td style=\"text-align: left;\">5:00pm<\/td>\n<td style=\"text-align: left;\">Fin<\/td>\n<\/tr>\n<\/tbody>\n<\/table>\n<\/div>\n<p>&nbsp;<\/p>\n<p style=\"text-align: center;\">* Veuillez noter que le calendrier est provisoire jusqu&rsquo;au 3 juillet.<\/p>\n<p>[\/vc_column_text][vc_empty_space height=\u00a0\u00bb75px\u00a0\u00bb][\/vc_column_inner][vc_column_inner width=\u00a0\u00bb1\/4&Prime;][\/vc_column_inner][\/vc_row_inner][\/vc_column][\/vc_row][vc_row css_animation=\u00a0\u00bbelement_from_bottom\u00a0\u00bb row_type=\u00a0\u00bbrow\u00a0\u00bb use_row_as_full_screen_section=\u00a0\u00bbno\u00a0\u00bb type=\u00a0\u00bbgrid\u00a0\u00bb angled_section=\u00a0\u00bbno\u00a0\u00bb text_align=\u00a0\u00bbcenter\u00a0\u00bb background_image_as_pattern=\u00a0\u00bbwithout_pattern\u00a0\u00bb css=\u00a0\u00bb.vc_custom_1649183198965{margin-right: 0px !important;margin-left: 0px !important;padding-top: 30px !important;padding-bottom: 50px !important;background-color: #ffffff !important;}\u00a0\u00bb z_index=\u00a0\u00bb\u00a0\u00bb][vc_column css=\u00a0\u00bb.vc_custom_1649183184600{padding-top: 100px !important;padding-bottom: 75px !important;background-color: #ffffff !important;}\u00a0\u00bb][vc_column_text]<\/p>\n<h1><span style=\"color: #ffffff;\"><span style=\"color: #000000;\">Pr\u00e9sent\u00e9 par<span style=\"color: #ed1c24;\"> \/\/<\/span><\/span><\/span><\/h1>\n<p>[\/vc_column_text][vc_empty_space height=\u00a0\u00bb50px\u00a0\u00bb][vc_gallery type=\u00a0\u00bbimage_grid\u00a0\u00bb images=\u00a0\u00bb593,595,597,599,591&Prime; img_size=\u00a0\u00bbfull\u00a0\u00bb onclick=\u00a0\u00bbcustom_link\u00a0\u00bb custom_links_target=\u00a0\u00bb_blank\u00a0\u00bb css_animation=\u00a0\u00bbslideInLeft\u00a0\u00bb column_number=\u00a0\u00bb5&Prime; grayscale=\u00a0\u00bbno\u00a0\u00bb images_space=\u00a0\u00bbgallery_with_space\u00a0\u00bb custom_links=\u00a0\u00bb#E-8_aHR0cHMlM0ElMkYlMkZhdGhsZXRpY3MuY2ElMkYlMkNodHRwcyUzQSUyRiUyRnd3dy5hbGJlcnRhLmNhJTJGJTJDaHR0cHMlM0ElMkYlMkZ3d3cuZWRtb250b24uY2ElMkYlMkNodHRwcyUzQSUyRiUyRmV4cGxvcmVlZG1vbnRvbi5jb20lMkYlMkNodHRwcyUzQSUyRiUyRmF0aGxldGljc2FsYmVydGEuY29tJTJG\u00a0\u00bb][vc_empty_space height=\u00a0\u00bb50px\u00a0\u00bb][vc_single_image image=\u00a0\u00bb663&Prime; img_size=\u00a0\u00bbmedium\u00a0\u00bb alignment=\u00a0\u00bbcenter\u00a0\u00bb onclick=\u00a0\u00bbcustom_link\u00a0\u00bb img_link_target=\u00a0\u00bb_blank\u00a0\u00bb qode_css_animation=\u00a0\u00bb\u00a0\u00bb link=\u00a0\u00bbhttps:\/\/canada.ca\/\u00a0\u00bb][vc_empty_space height=\u00a0\u00bb100px\u00a0\u00bb][\/vc_column][\/vc_row]<\/p>\n<\/div>","protected":false},"excerpt":{"rendered":"<p>[vc_row css_animation=\u00a0\u00bb\u00a0\u00bb row_type=\u00a0\u00bbrow\u00a0\u00bb use_row_as_full_screen_section=\u00a0\u00bbno\u00a0\u00bb type=\u00a0\u00bbfull_width\u00a0\u00bb angled_section=\u00a0\u00bbno\u00a0\u00bb text_align=\u00a0\u00bbcenter\u00a0\u00bb background_image_as_pattern=\u00a0\u00bbwithout_pattern\u00a0\u00bb z_index=\u00a0\u00bb\u00a0\u00bb css=\u00a0\u00bb.vc_custom_1655933790293{background-color: #ffffff !important;}\u00a0\u00bb][vc_column][vc_row_inner row_type=\u00a0\u00bbrow\u00a0\u00bb type=\u00a0\u00bbgrid\u00a0\u00bb text_align=\u00a0\u00bbcenter\u00a0\u00bb css_animation=\u00a0\u00bb\u00a0\u00bb][vc_column_inner width=\u00a0\u00bb1\/4&Prime;][\/vc_column_inner][vc_column_inner width=\u00a0\u00bb1\/2&Prime;][vc_empty_space height=\u00a0\u00bb75px\u00a0\u00bb][vc_column_text] HEURE \u00c9V\u00c9NEMENT PISTE Temps \u00c9V\u00c9NEMENT SUR LE TERRAIN C\u00e9r\u00e9monie d&rsquo;ouverture 13h30 Saut \u00e0 la perche femmes 13 h 40 Disque Femmes 14h30 110m haies Hommes 14&#8230;<\/p>\n","protected":false},"author":2,"featured_media":0,"parent":0,"menu_order":0,"comment_status":"closed","ping_status":"closed","template":"full_width.php","meta":{"_monsterinsights_skip_tracking":false,"_monsterinsights_sitenote_active":false,"_monsterinsights_sitenote_note":"","_monsterinsights_sitenote_category":0,"footnotes":""},"class_list":["post-711","page","type-page","status-publish","hentry"],"_links":{"self":[{"href":"https:\/\/yegtrackandfield.com\/fr\/wp-json\/wp\/v2\/pages\/711","targetHints":{"allow":["GET"]}}],"collection":[{"href":"https:\/\/yegtrackandfield.com\/fr\/wp-json\/wp\/v2\/pages"}],"about":[{"href":"https:\/\/yegtrackandfield.com\/fr\/wp-json\/wp\/v2\/types\/page"}],"author":[{"embeddable":true,"href":"https:\/\/yegtrackandfield.com\/fr\/wp-json\/wp\/v2\/users\/2"}],"replies":[{"embeddable":true,"href":"https:\/\/yegtrackandfield.com\/fr\/wp-json\/wp\/v2\/comments?post=711"}],"version-history":[{"count":2,"href":"https:\/\/yegtrackandfield.com\/fr\/wp-json\/wp\/v2\/pages\/711\/revisions"}],"predecessor-version":[{"id":725,"href":"https:\/\/yegtrackandfield.com\/fr\/wp-json\/wp\/v2\/pages\/711\/revisions\/725"}],"wp:attachment":[{"href":"https:\/\/yegtrackandfield.com\/fr\/wp-json\/wp\/v2\/media?parent=711"}],"curies":[{"name":"wp","href":"https:\/\/api.w.org\/{rel}","templated":true}]}}